{"id":28046,"date":"2017-11-16T18:50:43","date_gmt":"2017-11-16T17:50:43","guid":{"rendered":"http:\/\/gandiacoworking.com\/?page_id=28046"},"modified":"2023-11-09T22:09:18","modified_gmt":"2023-11-09T20:09:18","slug":"contacto","status":"publish","type":"page","link":"https:\/\/gandiacoworking.com\/en\/contacto","title":{"rendered":"Contact"},"content":{"rendered":"<p>[et_pb_section fb_built=\u00bb1&#8243; _builder_version=\u00bb4.16&#8243; global_colors_info=\u00bb{}\u00bb][et_pb_row _builder_version=\u00bb4.16&#8243; custom_padding=\u00bb||0px|||\u00bb global_colors_info=\u00bb{}\u00bb][et_pb_column type=\u00bb4_4&#8243; _builder_version=\u00bb4.16&#8243; custom_padding=\u00bb|||\u00bb global_colors_info=\u00bb{}\u00bb custom_padding__hover=\u00bb|||\u00bb][et_pb_text _builder_version=\u00bb4.23.1&#8243; text_font=\u00bbRoboto||||||||\u00bb text_text_color=\u00bbrgba(0,0,0,0.7)\u00bb text_font_size=\u00bb37px\u00bb ul_font=\u00bb||||||||\u00bb header_font=\u00bb||||||||\u00bb header_text_align=\u00bbcenter\u00bb header_text_color=\u00bb#000000&#8243; header_2_font=\u00bb||||||||\u00bb text_orientation=\u00bbcenter\u00bb hover_enabled=\u00bb0&#8243; global_colors_info=\u00bb{}\u00bb sticky_enabled=\u00bb0&#8243;]<\/p>\n<p>CONT\u00c1CTANOS<\/p>\n<p>&nbsp;<\/p>\n<p>[\/et_pb_text][\/et_pb_column][\/et_pb_row][et_pb_row _builder_version=\u00bb4.16&#8243; background_size=\u00bbinitial\u00bb background_position=\u00bbtop_left\u00bb background_repeat=\u00bbrepeat\u00bb global_colors_info=\u00bb{}\u00bb][et_pb_column type=\u00bb4_4&#8243; _builder_version=\u00bb4.16&#8243; custom_padding=\u00bb|||\u00bb global_colors_info=\u00bb{}\u00bb custom_padding__hover=\u00bb|||\u00bb][et_pb_contact_form title=\u00bb \u00bb module_id=\u00bbet_pb_contact_form_0&#8243; _builder_version=\u00bb4.17.6&#8243; _unique_id=\u00bb63a5cab5-9b0b-4f3a-b17a-d5ad54af6e98&#8243; global_colors_info=\u00bb{}\u00bb][et_pb_contact_field field_id=\u00bbName\u00bb field_title=\u00bbNombre\u00bb _builder_version=\u00bb4.17.6&#8243; global_colors_info=\u00bb{}\u00bb button_text_size__hover_enabled=\u00bboff\u00bb button_one_text_size__hover_enabled=\u00bboff\u00bb button_two_text_size__hover_enabled=\u00bboff\u00bb button_text_color__hover_enabled=\u00bboff\u00bb button_one_text_color__hover_enabled=\u00bboff\u00bb button_two_text_color__hover_enabled=\u00bboff\u00bb button_border_width__hover_enabled=\u00bboff\u00bb button_one_border_width__hover_enabled=\u00bboff\u00bb button_two_border_width__hover_enabled=\u00bboff\u00bb button_border_color__hover_enabled=\u00bboff\u00bb button_one_border_color__hover_enabled=\u00bboff\u00bb button_two_border_color__hover_enabled=\u00bboff\u00bb button_border_radius__hover_enabled=\u00bboff\u00bb button_one_border_radius__hover_enabled=\u00bboff\u00bb button_two_border_radius__hover_enabled=\u00bboff\u00bb button_letter_spacing__hover_enabled=\u00bboff\u00bb button_one_letter_spacing__hover_enabled=\u00bboff\u00bb button_two_letter_spacing__hover_enabled=\u00bboff\u00bb button_bg_color__hover_enabled=\u00bboff\u00bb button_one_bg_color__hover_enabled=\u00bboff\u00bb button_two_bg_color__hover_enabled=\u00bboff\u00bb][\/et_pb_contact_field][et_pb_contact_field field_id=\u00bbEmail\u00bb field_title=\u00bbDirecci\u00f3n de correo electr\u00f3nico\u00bb field_type=\u00bbemail\u00bb _builder_version=\u00bb4.17.6&#8243; global_colors_info=\u00bb{}\u00bb button_text_size__hover_enabled=\u00bboff\u00bb button_one_text_size__hover_enabled=\u00bboff\u00bb button_two_text_size__hover_enabled=\u00bboff\u00bb button_text_color__hover_enabled=\u00bboff\u00bb button_one_text_color__hover_enabled=\u00bboff\u00bb button_two_text_color__hover_enabled=\u00bboff\u00bb button_border_width__hover_enabled=\u00bboff\u00bb button_one_border_width__hover_enabled=\u00bboff\u00bb button_two_border_width__hover_enabled=\u00bboff\u00bb button_border_color__hover_enabled=\u00bboff\u00bb button_one_border_color__hover_enabled=\u00bboff\u00bb button_two_border_color__hover_enabled=\u00bboff\u00bb button_border_radius__hover_enabled=\u00bboff\u00bb button_one_border_radius__hover_enabled=\u00bboff\u00bb button_two_border_radius__hover_enabled=\u00bboff\u00bb button_letter_spacing__hover_enabled=\u00bboff\u00bb button_one_letter_spacing__hover_enabled=\u00bboff\u00bb button_two_letter_spacing__hover_enabled=\u00bboff\u00bb button_bg_color__hover_enabled=\u00bboff\u00bb button_one_bg_color__hover_enabled=\u00bboff\u00bb button_two_bg_color__hover_enabled=\u00bboff\u00bb][\/et_pb_contact_field][et_pb_contact_field field_id=\u00bbTel\u00e9fono\u00bb field_title=\u00bbTel\u00e9fono\u00bb allowed_symbols=\u00bbnumbers\u00bb fullwidth_field=\u00bbon\u00bb _builder_version=\u00bb4.16&#8243; global_colors_info=\u00bb{}\u00bb button_text_size__hover_enabled=\u00bboff\u00bb button_one_text_size__hover_enabled=\u00bboff\u00bb button_two_text_size__hover_enabled=\u00bboff\u00bb button_text_color__hover_enabled=\u00bboff\u00bb button_one_text_color__hover_enabled=\u00bboff\u00bb button_two_text_color__hover_enabled=\u00bboff\u00bb button_border_width__hover_enabled=\u00bboff\u00bb button_one_border_width__hover_enabled=\u00bboff\u00bb button_two_border_width__hover_enabled=\u00bboff\u00bb button_border_color__hover_enabled=\u00bboff\u00bb button_one_border_color__hover_enabled=\u00bboff\u00bb button_two_border_color__hover_enabled=\u00bboff\u00bb button_border_radius__hover_enabled=\u00bboff\u00bb button_one_border_radius__hover_enabled=\u00bboff\u00bb button_two_border_radius__hover_enabled=\u00bboff\u00bb button_letter_spacing__hover_enabled=\u00bboff\u00bb button_one_letter_spacing__hover_enabled=\u00bboff\u00bb button_two_letter_spacing__hover_enabled=\u00bboff\u00bb button_bg_color__hover_enabled=\u00bboff\u00bb button_one_bg_color__hover_enabled=\u00bboff\u00bb button_two_bg_color__hover_enabled=\u00bboff\u00bb][\/et_pb_contact_field][et_pb_contact_field field_id=\u00bbMessage\u00bb field_title=\u00bbMensaje\u00bb field_type=\u00bbtext\u00bb fullwidth_field=\u00bbon\u00bb _builder_version=\u00bb4.16&#8243; global_colors_info=\u00bb{}\u00bb button_text_size__hover_enabled=\u00bboff\u00bb button_one_text_size__hover_enabled=\u00bboff\u00bb button_two_text_size__hover_enabled=\u00bboff\u00bb button_text_color__hover_enabled=\u00bboff\u00bb button_one_text_color__hover_enabled=\u00bboff\u00bb button_two_text_color__hover_enabled=\u00bboff\u00bb button_border_width__hover_enabled=\u00bboff\u00bb button_one_border_width__hover_enabled=\u00bboff\u00bb button_two_border_width__hover_enabled=\u00bboff\u00bb button_border_color__hover_enabled=\u00bboff\u00bb button_one_border_color__hover_enabled=\u00bboff\u00bb button_two_border_color__hover_enabled=\u00bboff\u00bb button_border_radius__hover_enabled=\u00bboff\u00bb button_one_border_radius__hover_enabled=\u00bboff\u00bb button_two_border_radius__hover_enabled=\u00bboff\u00bb button_letter_spacing__hover_enabled=\u00bboff\u00bb button_one_letter_spacing__hover_enabled=\u00bboff\u00bb button_two_letter_spacing__hover_enabled=\u00bboff\u00bb button_bg_color__hover_enabled=\u00bboff\u00bb button_one_bg_color__hover_enabled=\u00bboff\u00bb button_two_bg_color__hover_enabled=\u00bboff\u00bb][\/et_pb_contact_field][et_pb_contact_field field_id=\u00bbLOPD\u00bb field_title=\u00bb \u00bb field_type=\u00bbcheckbox\u00bb checkbox_options=\u00bb%91{%22value%22:%22Acepto la pol\u00edtica de privacidad%22,%22checked%22:0,%22dragID%22:-1}%93&#8243; fullwidth_field=\u00bbon\u00bb _builder_version=\u00bb4.17.6&#8243; _module_preset=\u00bbdefault\u00bb link_option_url=\u00bbhttps:\/\/gandiacoworking.com\/privacidad\u00bb link_option_url_new_window=\u00bbon\u00bb global_colors_info=\u00bb{}\u00bb][\/et_pb_contact_field][\/et_pb_contact_form][et_pb_text _builder_version=\u00bb4.17.6&#8243; _module_preset=\u00bbdefault\u00bb global_colors_info=\u00bb{}\u00bb]<\/p>\n<div class=\"td_mod_wrap td-fix-index\">\n<p>Responsable: Tresblanco SL\u00a0 \/\u00a0 Finalidad: env\u00edo de oferta personalizada\u00a0 \/\u00a0 Tratamiento: sus datos personales no se comunicar\u00e1n a terceros\u00a0 \/\u00a0 Legitimaci\u00f3n del tratamiento: consentimiento informado del interesado.\u00a0 \/\u00a0 Derechos: acceso, rectificaci\u00f3n, cancelaci\u00f3n, oposici\u00f3n y el resto de derechos previstos en la actual normativa vigente, que aparecen mencionados en la pol\u00edtica de privacidad de esta web.<\/p>\n<\/div>\n<p>[\/et_pb_text][\/et_pb_column][\/et_pb_row][\/et_pb_section][et_pb_section fb_built=\u00bb1&#8243; fullwidth=\u00bbon\u00bb _builder_version=\u00bb4.16&#8243; custom_padding=\u00bb0px|0px|0px|0px\u00bb global_colors_info=\u00bb{}\u00bb][et_pb_fullwidth_image src=\u00bbhttps:\/\/gandiacoworking.com\/wp-content\/uploads\/2017\/11\/ORDENADOR-CORPORATIVO-1.jpg\u00bb _builder_version=\u00bb4.16&#8243; global_colors_info=\u00bb{}\u00bb][\/et_pb_fullwidth_image][\/et_pb_section]<\/p>\n","protected":false},"excerpt":{"rendered":"<p>CONT\u00c1CTANOS &nbsp; Responsable: Tresblanco SL\u00a0 \/\u00a0 Finalidad: env\u00edo de oferta personalizada\u00a0 \/\u00a0 Tratamiento: sus datos personales no se comunicar\u00e1n a terceros\u00a0 \/\u00a0 Legitimaci\u00f3n del tratamiento: consentimiento informado del interesado.\u00a0 \/\u00a0 Derechos: acceso, rectificaci\u00f3n, cancelaci\u00f3n, oposici\u00f3n y el resto de derechos previstos en la actual normativa vigente, que aparecen mencionados en la pol\u00edtica de privacidad de [&hellip;]<\/p>\n","protected":false},"author":1,"featured_media":0,"parent":0,"menu_order":0,"comment_status":"closed","ping_status":"closed","template":"","meta":{"_et_pb_use_builder":"on","_et_pb_old_content":"","_et_gb_content_width":"","inline_featured_image":false,"footnotes":""},"class_list":["post-28046","page","type-page","status-publish","hentry"],"yoast_head":"<!-- This site is optimized with the Yoast SEO plugin v27.3 - https:\/\/yoast.com\/product\/yoast-seo-wordpress\/ -->\n<title>Contacto - Gandia Coworking<\/title>\n<meta name=\"robots\" content=\"index, follow, max-snippet:-1, max-image-preview:large, max-video-preview:-1\" \/>\n<link rel=\"canonical\" href=\"http:\/\/gandiacoworking.com\/en\/contacto\/\" \/>\n<meta property=\"og:locale\" content=\"en_GB\" \/>\n<meta property=\"og:type\" content=\"article\" \/>\n<meta property=\"og:title\" content=\"Contacto - Gandia Coworking\" \/>\n<meta property=\"og:description\" content=\"CONT\u00c1CTANOS &nbsp; Responsable: Tresblanco SL\u00a0 \/\u00a0 Finalidad: env\u00edo de oferta personalizada\u00a0 \/\u00a0 Tratamiento: sus datos personales no se comunicar\u00e1n a terceros\u00a0 \/\u00a0 Legitimaci\u00f3n del tratamiento: consentimiento informado del interesado.\u00a0 \/\u00a0 Derechos: acceso, rectificaci\u00f3n, cancelaci\u00f3n, oposici\u00f3n y el resto de derechos previstos en la actual normativa vigente, que aparecen mencionados en la pol\u00edtica de privacidad de [&hellip;]\" \/>\n<meta property=\"og:url\" content=\"http:\/\/gandiacoworking.com\/en\/contacto\/\" \/>\n<meta property=\"og:site_name\" content=\"Gandia Coworking\" \/>\n<meta property=\"article:publisher\" content=\"https:\/\/www.facebook.com\/gandiacoworking\" \/>\n<meta property=\"article:modified_time\" content=\"2023-11-09T20:09:18+00:00\" \/>\n<meta name=\"twitter:card\" content=\"summary_large_image\" \/>\n<meta name=\"twitter:site\" content=\"@gandiacoworking\" \/>\n<meta name=\"twitter:label1\" content=\"Estimated reading time\" \/>\n\t<meta name=\"twitter:data1\" content=\"2 minutes\" \/>\n<script type=\"application\/ld+json\" class=\"yoast-schema-graph\">{\"@context\":\"https:\\\/\\\/schema.org\",\"@graph\":[{\"@type\":\"WebPage\",\"@id\":\"http:\\\/\\\/gandiacoworking.com\\\/contacto\",\"url\":\"http:\\\/\\\/gandiacoworking.com\\\/contacto\",\"name\":\"Contacto - Gandia Coworking\",\"isPartOf\":{\"@id\":\"http:\\\/\\\/gandiacoworking.com\\\/#website\"},\"datePublished\":\"2017-11-16T17:50:43+00:00\",\"dateModified\":\"2023-11-09T20:09:18+00:00\",\"breadcrumb\":{\"@id\":\"http:\\\/\\\/gandiacoworking.com\\\/contacto#breadcrumb\"},\"inLanguage\":\"en-GB\",\"potentialAction\":[{\"@type\":\"ReadAction\",\"target\":[\"http:\\\/\\\/gandiacoworking.com\\\/contacto\"]}]},{\"@type\":\"BreadcrumbList\",\"@id\":\"http:\\\/\\\/gandiacoworking.com\\\/contacto#breadcrumb\",\"itemListElement\":[{\"@type\":\"ListItem\",\"position\":1,\"name\":\"Portada\",\"item\":\"http:\\\/\\\/gandiacoworking.com\\\/\"},{\"@type\":\"ListItem\",\"position\":2,\"name\":\"Contacto\"}]},{\"@type\":\"WebSite\",\"@id\":\"http:\\\/\\\/gandiacoworking.com\\\/#website\",\"url\":\"http:\\\/\\\/gandiacoworking.com\\\/\",\"name\":\"Gandia Coworking\",\"description\":\"Alquiler Oficinas y Sala de reuniones\",\"publisher\":{\"@id\":\"http:\\\/\\\/gandiacoworking.com\\\/#organization\"},\"potentialAction\":[{\"@type\":\"SearchAction\",\"target\":{\"@type\":\"EntryPoint\",\"urlTemplate\":\"http:\\\/\\\/gandiacoworking.com\\\/?s={search_term_string}\"},\"query-input\":{\"@type\":\"PropertyValueSpecification\",\"valueRequired\":true,\"valueName\":\"search_term_string\"}}],\"inLanguage\":\"en-GB\"},{\"@type\":\"Organization\",\"@id\":\"http:\\\/\\\/gandiacoworking.com\\\/#organization\",\"name\":\"Gandia Coworking\",\"url\":\"http:\\\/\\\/gandiacoworking.com\\\/\",\"logo\":{\"@type\":\"ImageObject\",\"inLanguage\":\"en-GB\",\"@id\":\"http:\\\/\\\/gandiacoworking.com\\\/#\\\/schema\\\/logo\\\/image\\\/\",\"url\":\"https:\\\/\\\/gandiacoworking.com\\\/wp-content\\\/uploads\\\/2017\\\/10\\\/isotipo-base-1.png\",\"contentUrl\":\"https:\\\/\\\/gandiacoworking.com\\\/wp-content\\\/uploads\\\/2017\\\/10\\\/isotipo-base-1.png\",\"width\":296,\"height\":296,\"caption\":\"Gandia Coworking\"},\"image\":{\"@id\":\"http:\\\/\\\/gandiacoworking.com\\\/#\\\/schema\\\/logo\\\/image\\\/\"},\"sameAs\":[\"https:\\\/\\\/www.facebook.com\\\/gandiacoworking\",\"https:\\\/\\\/x.com\\\/gandiacoworking\",\"https:\\\/\\\/www.instagram.com\\\/gandiacoworking\",\"https:\\\/\\\/es.linkedin.com\\\/company\\\/gandiacoworking\"]}]}<\/script>\n<!-- \/ Yoast SEO plugin. -->","yoast_head_json":{"title":"Contacto - Gandia Coworking","robots":{"index":"index","follow":"follow","max-snippet":"max-snippet:-1","max-image-preview":"max-image-preview:large","max-video-preview":"max-video-preview:-1"},"canonical":"http:\/\/gandiacoworking.com\/en\/contacto\/","og_locale":"en_GB","og_type":"article","og_title":"Contacto - Gandia Coworking","og_description":"CONT\u00c1CTANOS &nbsp; Responsable: Tresblanco SL\u00a0 \/\u00a0 Finalidad: env\u00edo de oferta personalizada\u00a0 \/\u00a0 Tratamiento: sus datos personales no se comunicar\u00e1n a terceros\u00a0 \/\u00a0 Legitimaci\u00f3n del tratamiento: consentimiento informado del interesado.\u00a0 \/\u00a0 Derechos: acceso, rectificaci\u00f3n, cancelaci\u00f3n, oposici\u00f3n y el resto de derechos previstos en la actual normativa vigente, que aparecen mencionados en la pol\u00edtica de privacidad de [&hellip;]","og_url":"http:\/\/gandiacoworking.com\/en\/contacto\/","og_site_name":"Gandia Coworking","article_publisher":"https:\/\/www.facebook.com\/gandiacoworking","article_modified_time":"2023-11-09T20:09:18+00:00","twitter_card":"summary_large_image","twitter_site":"@gandiacoworking","twitter_misc":{"Estimated reading time":"2 minutes"},"schema":{"@context":"https:\/\/schema.org","@graph":[{"@type":"WebPage","@id":"http:\/\/gandiacoworking.com\/contacto","url":"http:\/\/gandiacoworking.com\/contacto","name":"Contacto - Gandia Coworking","isPartOf":{"@id":"http:\/\/gandiacoworking.com\/#website"},"datePublished":"2017-11-16T17:50:43+00:00","dateModified":"2023-11-09T20:09:18+00:00","breadcrumb":{"@id":"http:\/\/gandiacoworking.com\/contacto#breadcrumb"},"inLanguage":"en-GB","potentialAction":[{"@type":"ReadAction","target":["http:\/\/gandiacoworking.com\/contacto"]}]},{"@type":"BreadcrumbList","@id":"http:\/\/gandiacoworking.com\/contacto#breadcrumb","itemListElement":[{"@type":"ListItem","position":1,"name":"Portada","item":"http:\/\/gandiacoworking.com\/"},{"@type":"ListItem","position":2,"name":"Contacto"}]},{"@type":"WebSite","@id":"http:\/\/gandiacoworking.com\/#website","url":"http:\/\/gandiacoworking.com\/","name":"Gandia Coworking","description":"Alquiler Oficinas y Sala de reuniones","publisher":{"@id":"http:\/\/gandiacoworking.com\/#organization"},"potentialAction":[{"@type":"SearchAction","target":{"@type":"EntryPoint","urlTemplate":"http:\/\/gandiacoworking.com\/?s={search_term_string}"},"query-input":{"@type":"PropertyValueSpecification","valueRequired":true,"valueName":"search_term_string"}}],"inLanguage":"en-GB"},{"@type":"Organization","@id":"http:\/\/gandiacoworking.com\/#organization","name":"Gandia Coworking","url":"http:\/\/gandiacoworking.com\/","logo":{"@type":"ImageObject","inLanguage":"en-GB","@id":"http:\/\/gandiacoworking.com\/#\/schema\/logo\/image\/","url":"https:\/\/gandiacoworking.com\/wp-content\/uploads\/2017\/10\/isotipo-base-1.png","contentUrl":"https:\/\/gandiacoworking.com\/wp-content\/uploads\/2017\/10\/isotipo-base-1.png","width":296,"height":296,"caption":"Gandia Coworking"},"image":{"@id":"http:\/\/gandiacoworking.com\/#\/schema\/logo\/image\/"},"sameAs":["https:\/\/www.facebook.com\/gandiacoworking","https:\/\/x.com\/gandiacoworking","https:\/\/www.instagram.com\/gandiacoworking","https:\/\/es.linkedin.com\/company\/gandiacoworking"]}]}},"_links":{"self":[{"href":"https:\/\/gandiacoworking.com\/en\/wp-json\/wp\/v2\/pages\/28046","targetHints":{"allow":["GET"]}}],"collection":[{"href":"https:\/\/gandiacoworking.com\/en\/wp-json\/wp\/v2\/pages"}],"about":[{"href":"https:\/\/gandiacoworking.com\/en\/wp-json\/wp\/v2\/types\/page"}],"author":[{"embeddable":true,"href":"https:\/\/gandiacoworking.com\/en\/wp-json\/wp\/v2\/users\/1"}],"replies":[{"embeddable":true,"href":"https:\/\/gandiacoworking.com\/en\/wp-json\/wp\/v2\/comments?post=28046"}],"version-history":[{"count":16,"href":"https:\/\/gandiacoworking.com\/en\/wp-json\/wp\/v2\/pages\/28046\/revisions"}],"predecessor-version":[{"id":30255,"href":"https:\/\/gandiacoworking.com\/en\/wp-json\/wp\/v2\/pages\/28046\/revisions\/30255"}],"wp:attachment":[{"href":"https:\/\/gandiacoworking.com\/en\/wp-json\/wp\/v2\/media?parent=28046"}],"curies":[{"name":"wp","href":"https:\/\/api.w.org\/{rel}","templated":true}]}}