{"id":28340,"date":"2018-09-24T22:02:27","date_gmt":"2018-09-24T20:02:27","guid":{"rendered":"http:\/\/gandiacoworking.com\/?page_id=28340"},"modified":"2024-06-18T17:31:06","modified_gmt":"2024-06-18T15:31:06","slug":"aviso-legal","status":"publish","type":"page","link":"https:\/\/gandiacoworking.com\/en\/aviso-legal","title":{"rendered":"Legal notice"},"content":{"rendered":"<p>[et_pb_section fb_built=\u00bb1&#8243; admin_label=\u00bbsection\u00bb _builder_version=\u00bb4.16&#8243; global_colors_info=\u00bb{}\u00bb][et_pb_row admin_label=\u00bbrow\u00bb _builder_version=\u00bb4.16&#8243; background_size=\u00bbinitial\u00bb background_position=\u00bbtop_left\u00bb background_repeat=\u00bbrepeat\u00bb global_colors_info=\u00bb{}\u00bb][et_pb_column type=\u00bb4_4&#8243; _builder_version=\u00bb4.16&#8243; custom_padding=\u00bb|||\u00bb global_colors_info=\u00bb{}\u00bb custom_padding__hover=\u00bb|||\u00bb][et_pb_text admin_label=\u00bbText\u00bb _builder_version=\u00bb4.25.2&#8243; background_size=\u00bbinitial\u00bb background_position=\u00bbtop_left\u00bb background_repeat=\u00bbrepeat\u00bb hover_enabled=\u00bb0&#8243; global_colors_info=\u00bb{}\u00bb sticky_enabled=\u00bb0&#8243;]<\/p>\n<div class=\"wpb_text_column wpb_content_element \">\n<div class=\"wpb_wrapper\">\n<h2 style=\"text-align: center;\">Aviso legal<\/h2>\n<div class=\"td-block-title-wrap\">\n<h4 class=\"td-block-title\"><span class=\"td-pulldown-size\">DATOS DE IDENTIFICACI\u00d3N<\/span><\/h4>\n<\/div>\n<div class=\"td_mod_wrap td-fix-index\">\n<p>Usted est\u00e1 visitando la p\u00e1gina web GandiaCoworking.com titularidad de TRESBLANCO S.L. (en adelante EL PROPIETARIO):<\/p>\n<ul>\n<li>Sede: Calle Turia 53, bajo &#8211; 46008 Valencia<\/li>\n<li>Correo electr\u00f3nico: hola@gandiacoworking.com<\/li>\n<li>CIF: B01998244<\/li>\n<\/ul>\n<\/div>\n<hr \/>\n<p><strong>COOKIES<\/strong><\/p>\n<p class=\"p2\"><span class=\"s1\">En cumplimiento con lo establecido en el art\u00edculo 22.2 de la Ley de Servicios de la Sociedad de la Informaci\u00f3n y del Comercio Electr\u00f3nico (LSSI) y en adecuaci\u00f3n con la Directiva Europea 2009\/136\/CE, GandiaCoworking.com le informa de que este sitio web hace uso de cookies.<\/span><\/p>\n<p class=\"p2\"><span class=\"s1\">Para hacer un uso completo del contenido y las funciones personalizadas de este sitio web, el navegador de su ordenador o dispositivo m\u00f3vil debe aceptar las cookies. Es com\u00fan que su navegador lo haga de forma predeterminada.<br \/><\/span><\/p>\n<p class=\"p2\"><span class=\"s1\">Las cookies de este portal no almacenan informaci\u00f3n confidencial como su nombre, direcci\u00f3n, etc., no obstante, si desea restringir, bloquear o eliminar las cookies de este sitio web o de cualquier otro, puede configurar su navegador para rechazar o aceptar las mismas o para que estas \u00e9stas sean\u00a0<\/span>eliminadas de forma autom\u00e1tica una vez cierre el navegador o apague el ordenador o dispositivo m\u00f3vil.<\/p>\n<p class=\"p2\"><span class=\"s1\">La configuraci\u00f3n de las cookies en los navegadores se realiza de la siguiente forma:<\/span><\/p>\n<p class=\"p2\"><span class=\"s1\">\u2022 Firefox: Preferencias &gt; Privacidad.<\/span><\/p>\n<p class=\"p2\"><span class=\"s1\">\u2022 Google Chrome: Configuraci\u00f3n &gt; Privacidad &gt; Configuraci\u00f3n de contenido &gt; Cookies.<\/span><\/p>\n<p class=\"p2\"><span class=\"s1\">\u2022 Safari: Preferencias &gt; Privacidad.<\/span><\/p>\n<p class=\"p2\"><span class=\"s1\">\u2022 Internet Explorer: Herramientas &gt; Opciones de Internet &gt; Privacidad &gt; Avanzada.<\/span><\/p>\n<p class=\"p2\"><span class=\"s1\">\u00a0<\/span><\/p>\n<p class=\"p2\"><span class=\"s1\">Si comparte contenido de \u00e9ste sitio web mediante redes sociales como Facebook y Twitter, es posible que reciba cookies de dichos sitios web.\u00a0<\/span><\/p>\n<p class=\"p2\"><span class=\"s1\">Los ajustes de las cookies de terceros no est\u00e1n bajo el control de GandiaCoworking.com por lo que le sugerimos que compruebe los sitios web de terceros para obtener m\u00e1s informaci\u00f3n sobre sus cookies y c\u00f3mo gestionarlas.<\/span><\/p>\n<p>&nbsp;<\/p>\n<p class=\"p2\"><span class=\"s1\"><strong>Uso de Google Analytics<\/strong><\/span><\/p>\n<p class=\"p2\"><span class=\"s1\">Esta p\u00e1gina web utiliza Google Analytics, un servicio anal\u00edtico de web prestado por Google, Inc., una compa\u00f1\u00eda de Delaware cuya oficina principal est\u00e1 en 1600 Amphitheatre Parkway, Mountain View (California), CA 94043,\u00a0<\/span>Estados Unidos (en adelante, Google).<\/p>\n<p class=\"p2\"><span class=\"s1\">\u00a0<\/span><\/p>\n<p class=\"p2\"><span class=\"s1\">Google Analytics utiliza cookies, que son archivos de texto ubicados en su ordenador, para ayudar al sitio web a analizar el uso que hacen los usuarios del mismo. La informaci\u00f3n que genera la cookie acerca de su uso de la\u00a0 p\u00e1gina web (incluyendo su direcci\u00f3n IP) ser\u00e1\u0301 directamente transmitida y archivada por Google en los servidores de Estados Unidos. Google usar\u00e1 esta informaci\u00f3n por cuenta nuestra con el prop\u00f3sito de seguir la pista de su uso de la p\u00e1gina web, recopilando informes de la actividad de la p\u00e1gina web y prestando otros servicios relacionados con la actividad de la p\u00e1gina web y el uso de Internet. Google podr\u00e1\u0301 transmitir dicha informaci\u00f3n a terceros cuando as\u00ed\u0301 se lo requiera la legislaci\u00f3n, o cuando dichos terceros procesen la informaci\u00f3n por cuenta de Google.<\/span><\/p>\n<p class=\"p2\"><span class=\"s1\">\u00a0<\/span><\/p>\n<p class=\"p2\"><span class=\"s1\">Google no asociar\u00e1 su direcci\u00f3n IP con ning\u00fan otro dato del que disponga Google. Puede rechazar el tratamiento de los datos o la informaci\u00f3n rechazando el uso de cookies mediante la selecci\u00f3n de la configuraci\u00f3n apropiada de su navegador, sin embargo, debe saber que si lo hace puede ser que no pueda usar todas los servicios de esta p\u00e1gina web. Al utilizar esta p\u00e1gina web consiente el tratamiento de informaci\u00f3n acerca de usted por Google en la forma y para los fines arriba indicados.<\/span><\/p>\n<\/div>\n<\/div>\n<p>[\/et_pb_text][\/et_pb_column][\/et_pb_row][\/et_pb_section]<\/p>\n","protected":false},"excerpt":{"rendered":"<p>Aviso legal DATOS DE IDENTIFICACI\u00d3N Usted est\u00e1 visitando la p\u00e1gina web GandiaCoworking.com titularidad de TRESBLANCO S.L. (en adelante EL PROPIETARIO): Sede: Calle Turia 53, bajo &#8211; 46008 Valencia Correo electr\u00f3nico: hola@gandiacoworking.com CIF: B01998244 COOKIES En cumplimiento con lo establecido en el art\u00edculo 22.2 de la Ley de Servicios de la Sociedad de la Informaci\u00f3n y [&hellip;]<\/p>\n","protected":false},"author":1,"featured_media":0,"parent":0,"menu_order":0,"comment_status":"closed","ping_status":"closed","template":"","meta":{"_et_pb_use_builder":"on","_et_pb_old_content":"<div class=\"wpb_text_column wpb_content_element \">\r\n<div class=\"wpb_wrapper\">\r\n<p class=\"p2\"><span class=\"s1\">En cumplimiento con lo establecido en el art\u00edculo 22.2 de la Ley de Servicios de la Sociedad de la Informaci\u00f3n y del Comercio Electr\u00f3nico (LSSI) y en adecuaci\u00f3n con la Directiva Europea 2009\/136\/CE, GandiaCoworking.com le informa de que este sitio web hace uso de cookies.<\/span><\/p>\r\n<p class=\"p2\"><span class=\"s1\">Para hacer un uso completo del contenido y las funciones personalizadas de este sitio web, el navegador de su ordenador o dispositivo m\u00f3vil debe aceptar las cookies. Es com\u00fan que su navegador lo haga de forma predeterminada.\r\n<\/span><\/p>\r\n<p class=\"p2\"><span class=\"s1\">Las cookies de este portal no almacenan informaci\u00f3n confidencial como su nombre, direcci\u00f3n, etc., no obstante, si desea restringir, bloquear o eliminar las cookies de este sitio web o de cualquier otro, puede configurar su navegador para rechazar o aceptar las mismas o para que estas \u00e9stas sean\u00a0<\/span>eliminadas de forma autom\u00e1tica una vez cierre el navegador o apague el ordenador o dispositivo m\u00f3vil.<\/p>\r\n<p class=\"p2\"><span class=\"s1\">La configuraci\u00f3n de las cookies en los navegadores se realiza de la siguiente forma:<\/span><\/p>\r\n<p class=\"p2\"><span class=\"s1\">\u2022 Firefox: Preferencias > Privacidad.<\/span><\/p>\r\n<p class=\"p2\"><span class=\"s1\">\u2022 Google Chrome: Configuraci\u00f3n > Privacidad > Configuraci\u00f3n de contenido > Cookies.<\/span><\/p>\r\n<p class=\"p2\"><span class=\"s1\">\u2022 Safari: Preferencias > Privacidad.<\/span><\/p>\r\n<p class=\"p2\"><span class=\"s1\">\u2022 Internet Explorer: Herramientas > Opciones de Internet > Privacidad > Avanzada.<\/span><\/p>\r\n<p class=\"p2\"><span class=\"s1\">\u00a0<\/span><\/p>\r\n<p class=\"p2\"><span class=\"s1\">Si comparte contenido de \u00e9ste sitio web mediante redes sociales como Facebook y Twitter, es posible que reciba cookies de dichos sitios web.\u00a0<\/span><\/p>\r\n<p class=\"p2\"><span class=\"s1\">Los ajustes de las cookies de terceros no est\u00e1n bajo el control de GandiaCoworking.com por lo que le sugerimos que compruebe los sitios web de terceros para obtener m\u00e1s informaci\u00f3n sobre sus cookies y c\u00f3mo gestionarlas.<\/span><\/p>\r\n\u00a0\r\n<p class=\"p2\"><span class=\"s1\"><strong>Uso de Google Analytics<\/strong><\/span><\/p>\r\n<p class=\"p2\"><span class=\"s1\">Esta p\u00e1gina web utiliza Google Analytics, un servicio anal\u00edtico de web prestado por Google, Inc., una compa\u00f1\u00eda de Delaware cuya oficina principal est\u00e1 en 1600 Amphitheatre Parkway, Mountain View (California), CA 94043,\u00a0<\/span>Estados Unidos (en adelante, Google).<\/p>\r\n<p class=\"p2\"><span class=\"s1\">\u00a0<\/span><\/p>\r\n<p class=\"p2\"><span class=\"s1\">Google Analytics utiliza cookies, que son archivos de texto ubicados en su ordenador, para ayudar al sitio web a analizar el uso que hacen los usuarios del mismo. La informaci\u00f3n que genera la cookie acerca de su uso de la\u00a0 p\u00e1gina web (incluyendo su direcci\u00f3n IP) ser\u00e1\u0301 directamente transmitida y archivada por Google en los servidores de Estados Unidos. Google usar\u00e1 esta informaci\u00f3n por cuenta nuestra con el prop\u00f3sito de seguir la pista de su uso de la p\u00e1gina web, recopilando informes de la actividad de la p\u00e1gina web y prestando otros servicios relacionados con la actividad de la p\u00e1gina web y el uso de Internet. Google podr\u00e1\u0301 transmitir dicha informaci\u00f3n a terceros cuando as\u00ed\u0301 se lo requiera la legislaci\u00f3n, o cuando dichos terceros procesen la informaci\u00f3n por cuenta de Google.<\/span><\/p>\r\n<p class=\"p2\"><span class=\"s1\">\u00a0<\/span><\/p>\r\n<p class=\"p2\"><span class=\"s1\">Google no asociar\u00e1 su direcci\u00f3n IP con ning\u00fan otro dato del que disponga Google. Puede rechazar el tratamiento de los datos o la informaci\u00f3n rechazando el uso de cookies mediante la selecci\u00f3n de la configuraci\u00f3n apropiada de su navegador, sin embargo, debe saber que si lo hace puede ser que no pueda usar todas los servicios de esta p\u00e1gina web. Al utilizar esta p\u00e1gina web consiente el tratamiento de informaci\u00f3n acerca de usted por Google en la forma y para los fines arriba indicados.<\/span><\/p>\r\n\r\n<\/div>\r\n<\/div>","_et_gb_content_width":"","inline_featured_image":false,"footnotes":""},"class_list":["post-28340","page","type-page","status-publish","hentry"],"yoast_head":"<!-- This site is optimized with the Yoast SEO plugin v27.4 - https:\/\/yoast.com\/product\/yoast-seo-wordpress\/ -->\n<title>Aviso legal - Gandia Coworking<\/title>\n<meta name=\"robots\" content=\"index, follow, max-snippet:-1, max-image-preview:large, max-video-preview:-1\" \/>\n<link rel=\"canonical\" href=\"https:\/\/gandiacoworking.com\/en\/aviso-legal\" \/>\n<meta property=\"og:locale\" content=\"en_GB\" \/>\n<meta property=\"og:type\" content=\"article\" \/>\n<meta property=\"og:title\" content=\"Aviso legal - Gandia Coworking\" \/>\n<meta property=\"og:description\" content=\"Aviso legal DATOS DE IDENTIFICACI\u00d3N Usted est\u00e1 visitando la p\u00e1gina web GandiaCoworking.com titularidad de TRESBLANCO S.L. (en adelante EL PROPIETARIO): Sede: Calle Turia 53, bajo - 46008 Valencia Correo electr\u00f3nico: hola@gandiacoworking.com CIF: B01998244 COOKIES En cumplimiento con lo establecido en el art\u00edculo 22.2 de la Ley de Servicios de la Sociedad de la Informaci\u00f3n y [&hellip;]\" \/>\n<meta property=\"og:url\" content=\"https:\/\/gandiacoworking.com\/en\/aviso-legal\" \/>\n<meta property=\"og:site_name\" content=\"Gandia Coworking\" \/>\n<meta property=\"article:publisher\" content=\"https:\/\/www.facebook.com\/gandiacoworking\" \/>\n<meta property=\"article:modified_time\" content=\"2024-06-18T15:31:06+00:00\" \/>\n<meta name=\"twitter:card\" content=\"summary_large_image\" \/>\n<meta name=\"twitter:site\" content=\"@gandiacoworking\" \/>\n<meta name=\"twitter:label1\" content=\"Estimated reading time\" \/>\n\t<meta name=\"twitter:data1\" content=\"3 minutes\" \/>\n<script type=\"application\/ld+json\" class=\"yoast-schema-graph\">{\"@context\":\"https:\\\/\\\/schema.org\",\"@graph\":[{\"@type\":\"WebPage\",\"@id\":\"https:\\\/\\\/gandiacoworking.com\\\/en\\\/aviso-legal\",\"url\":\"https:\\\/\\\/gandiacoworking.com\\\/en\\\/aviso-legal\",\"name\":\"Aviso legal - Gandia Coworking\",\"isPartOf\":{\"@id\":\"http:\\\/\\\/gandiacoworking.com\\\/#website\"},\"datePublished\":\"2018-09-24T20:02:27+00:00\",\"dateModified\":\"2024-06-18T15:31:06+00:00\",\"breadcrumb\":{\"@id\":\"https:\\\/\\\/gandiacoworking.com\\\/en\\\/aviso-legal#breadcrumb\"},\"inLanguage\":\"en-GB\",\"potentialAction\":[{\"@type\":\"ReadAction\",\"target\":[\"https:\\\/\\\/gandiacoworking.com\\\/en\\\/aviso-legal\"]}]},{\"@type\":\"BreadcrumbList\",\"@id\":\"https:\\\/\\\/gandiacoworking.com\\\/en\\\/aviso-legal#breadcrumb\",\"itemListElement\":[{\"@type\":\"ListItem\",\"position\":1,\"name\":\"Portada\",\"item\":\"http:\\\/\\\/gandiacoworking.com\\\/\"},{\"@type\":\"ListItem\",\"position\":2,\"name\":\"Aviso legal\"}]},{\"@type\":\"WebSite\",\"@id\":\"http:\\\/\\\/gandiacoworking.com\\\/#website\",\"url\":\"http:\\\/\\\/gandiacoworking.com\\\/\",\"name\":\"Gandia Coworking\",\"description\":\"Alquiler Oficinas y Sala de reuniones\",\"publisher\":{\"@id\":\"http:\\\/\\\/gandiacoworking.com\\\/#organization\"},\"potentialAction\":[{\"@type\":\"SearchAction\",\"target\":{\"@type\":\"EntryPoint\",\"urlTemplate\":\"http:\\\/\\\/gandiacoworking.com\\\/?s={search_term_string}\"},\"query-input\":{\"@type\":\"PropertyValueSpecification\",\"valueRequired\":true,\"valueName\":\"search_term_string\"}}],\"inLanguage\":\"en-GB\"},{\"@type\":\"Organization\",\"@id\":\"http:\\\/\\\/gandiacoworking.com\\\/#organization\",\"name\":\"Gandia Coworking\",\"url\":\"http:\\\/\\\/gandiacoworking.com\\\/\",\"logo\":{\"@type\":\"ImageObject\",\"inLanguage\":\"en-GB\",\"@id\":\"http:\\\/\\\/gandiacoworking.com\\\/#\\\/schema\\\/logo\\\/image\\\/\",\"url\":\"https:\\\/\\\/gandiacoworking.com\\\/wp-content\\\/uploads\\\/2017\\\/10\\\/isotipo-base-1.png\",\"contentUrl\":\"https:\\\/\\\/gandiacoworking.com\\\/wp-content\\\/uploads\\\/2017\\\/10\\\/isotipo-base-1.png\",\"width\":296,\"height\":296,\"caption\":\"Gandia Coworking\"},\"image\":{\"@id\":\"http:\\\/\\\/gandiacoworking.com\\\/#\\\/schema\\\/logo\\\/image\\\/\"},\"sameAs\":[\"https:\\\/\\\/www.facebook.com\\\/gandiacoworking\",\"https:\\\/\\\/x.com\\\/gandiacoworking\",\"https:\\\/\\\/www.instagram.com\\\/gandiacoworking\",\"https:\\\/\\\/es.linkedin.com\\\/company\\\/gandiacoworking\"]}]}<\/script>\n<!-- \/ Yoast SEO plugin. -->","yoast_head_json":{"title":"Aviso legal - Gandia Coworking","robots":{"index":"index","follow":"follow","max-snippet":"max-snippet:-1","max-image-preview":"max-image-preview:large","max-video-preview":"max-video-preview:-1"},"canonical":"https:\/\/gandiacoworking.com\/en\/aviso-legal","og_locale":"en_GB","og_type":"article","og_title":"Aviso legal - Gandia Coworking","og_description":"Aviso legal DATOS DE IDENTIFICACI\u00d3N Usted est\u00e1 visitando la p\u00e1gina web GandiaCoworking.com titularidad de TRESBLANCO S.L. (en adelante EL PROPIETARIO): Sede: Calle Turia 53, bajo - 46008 Valencia Correo electr\u00f3nico: hola@gandiacoworking.com CIF: B01998244 COOKIES En cumplimiento con lo establecido en el art\u00edculo 22.2 de la Ley de Servicios de la Sociedad de la Informaci\u00f3n y [&hellip;]","og_url":"https:\/\/gandiacoworking.com\/en\/aviso-legal","og_site_name":"Gandia Coworking","article_publisher":"https:\/\/www.facebook.com\/gandiacoworking","article_modified_time":"2024-06-18T15:31:06+00:00","twitter_card":"summary_large_image","twitter_site":"@gandiacoworking","twitter_misc":{"Estimated reading time":"3 minutes"},"schema":{"@context":"https:\/\/schema.org","@graph":[{"@type":"WebPage","@id":"https:\/\/gandiacoworking.com\/en\/aviso-legal","url":"https:\/\/gandiacoworking.com\/en\/aviso-legal","name":"Aviso legal - Gandia Coworking","isPartOf":{"@id":"http:\/\/gandiacoworking.com\/#website"},"datePublished":"2018-09-24T20:02:27+00:00","dateModified":"2024-06-18T15:31:06+00:00","breadcrumb":{"@id":"https:\/\/gandiacoworking.com\/en\/aviso-legal#breadcrumb"},"inLanguage":"en-GB","potentialAction":[{"@type":"ReadAction","target":["https:\/\/gandiacoworking.com\/en\/aviso-legal"]}]},{"@type":"BreadcrumbList","@id":"https:\/\/gandiacoworking.com\/en\/aviso-legal#breadcrumb","itemListElement":[{"@type":"ListItem","position":1,"name":"Portada","item":"http:\/\/gandiacoworking.com\/"},{"@type":"ListItem","position":2,"name":"Aviso legal"}]},{"@type":"WebSite","@id":"http:\/\/gandiacoworking.com\/#website","url":"http:\/\/gandiacoworking.com\/","name":"Gandia Coworking","description":"Alquiler Oficinas y Sala de reuniones","publisher":{"@id":"http:\/\/gandiacoworking.com\/#organization"},"potentialAction":[{"@type":"SearchAction","target":{"@type":"EntryPoint","urlTemplate":"http:\/\/gandiacoworking.com\/?s={search_term_string}"},"query-input":{"@type":"PropertyValueSpecification","valueRequired":true,"valueName":"search_term_string"}}],"inLanguage":"en-GB"},{"@type":"Organization","@id":"http:\/\/gandiacoworking.com\/#organization","name":"Gandia Coworking","url":"http:\/\/gandiacoworking.com\/","logo":{"@type":"ImageObject","inLanguage":"en-GB","@id":"http:\/\/gandiacoworking.com\/#\/schema\/logo\/image\/","url":"https:\/\/gandiacoworking.com\/wp-content\/uploads\/2017\/10\/isotipo-base-1.png","contentUrl":"https:\/\/gandiacoworking.com\/wp-content\/uploads\/2017\/10\/isotipo-base-1.png","width":296,"height":296,"caption":"Gandia Coworking"},"image":{"@id":"http:\/\/gandiacoworking.com\/#\/schema\/logo\/image\/"},"sameAs":["https:\/\/www.facebook.com\/gandiacoworking","https:\/\/x.com\/gandiacoworking","https:\/\/www.instagram.com\/gandiacoworking","https:\/\/es.linkedin.com\/company\/gandiacoworking"]}]}},"_links":{"self":[{"href":"https:\/\/gandiacoworking.com\/en\/wp-json\/wp\/v2\/pages\/28340","targetHints":{"allow":["GET"]}}],"collection":[{"href":"https:\/\/gandiacoworking.com\/en\/wp-json\/wp\/v2\/pages"}],"about":[{"href":"https:\/\/gandiacoworking.com\/en\/wp-json\/wp\/v2\/types\/page"}],"author":[{"embeddable":true,"href":"https:\/\/gandiacoworking.com\/en\/wp-json\/wp\/v2\/users\/1"}],"replies":[{"embeddable":true,"href":"https:\/\/gandiacoworking.com\/en\/wp-json\/wp\/v2\/comments?post=28340"}],"version-history":[{"count":10,"href":"https:\/\/gandiacoworking.com\/en\/wp-json\/wp\/v2\/pages\/28340\/revisions"}],"predecessor-version":[{"id":30370,"href":"https:\/\/gandiacoworking.com\/en\/wp-json\/wp\/v2\/pages\/28340\/revisions\/30370"}],"wp:attachment":[{"href":"https:\/\/gandiacoworking.com\/en\/wp-json\/wp\/v2\/media?parent=28340"}],"curies":[{"name":"wp","href":"https:\/\/api.w.org\/{rel}","templated":true}]}}