{"id":29845,"date":"2022-08-29T17:28:20","date_gmt":"2022-08-29T15:28:20","guid":{"rendered":"https:\/\/gandiacoworking.com\/?post_type=product&#038;p=29845"},"modified":"2026-03-30T19:35:22","modified_gmt":"2026-03-30T17:35:22","slug":"guardar-maletas","status":"publish","type":"product","link":"https:\/\/gandiacoworking.com\/en\/product\/guardar-maletas","title":{"rendered":"Guardar maletas"},"content":{"rendered":"<p>Un servicio para pensado para guardar tu maleta en nuestro espacio durante un d\u00eda o el tiempo que necesites. Se debe reservar con m\u00e1s de 24 horas de antelaci\u00f3n de lo contrario la reserva podr\u00e1 ser cancelada.<\/p>\n<p>EL PRECIO ES POR MALETA (o bulto), POR D\u00cdA (no son 24h consecutivas, es por d\u00eda) y POR PERSONA.<\/p>\n<p><span style=\"text-decoration: underline;\"><strong>OBLIGATORIO<\/strong><\/span> <strong>INTRODUCIR<\/strong> <strong>DNI\/NIE\/PASAPORTE<\/strong> EN EL PROCESO DE COMPRA.<\/p>\n<p><strong>IVA included in the price<\/strong><\/p>","protected":false},"excerpt":{"rendered":"<p>Con este servicio podr\u00e1s guardar tu maleta en nuestro local. Se debe reservar con m\u00e1s de 24 horas de antelaci\u00f3n.<\/p>\n<p>PRECIO POR MALETA (o bulto), POR D\u00cdA (no son 24h consecutivas, es por d\u00eda) Y POR PERSONA.<\/p>\n<p>&nbsp;<\/p>","protected":false},"featured_media":29846,"template":"","meta":{"_et_pb_use_builder":"off","_et_pb_old_content":"\u00bfEres un n\u00f3mada digital? Bienvenido al <strong>Coworking de Gandia.<\/strong> Con este pase diario podr\u00e1s trabajar en nuestro coworking pagando solo por los d\u00edas que necesitas.\r\n\r\nEste servicio es <strong>v\u00e1lido para un solo uso.<\/strong> Intransferible. Servicios que ofrece el coworking:\r\n<ol>\r\n \t<li>Internet Alta velocidad (fibra \u00f3ptica 600 mb sim\u00e9tricos)<\/li>\r\n \t<li>Oficina 24h \/ 365 d\u00edas<\/li>\r\n \t<li>Agua y luz incluidos<\/li>\r\n \t<li>Aire acondicionado y calefacci\u00f3n incluidos<\/li>\r\n \t<li>Servicio de limpieza semanal<\/li>\r\n \t<li>Parking de bicicletas gratis en el interior del espacio de trabajo<\/li>\r\n \t<li>Impresiones gratis (con uso razonable)<\/li>\r\n \t<li>Cafetera premium<\/li>\r\n<\/ol>\r\n<strong>IVA incluido en el precio.<\/strong>","_et_gb_content_width":"","inline_featured_image":false},"product_brand":[],"product_cat":[29],"product_tag":[],"class_list":{"0":"post-29845","1":"product","2":"type-product","3":"status-publish","4":"has-post-thumbnail","6":"product_cat-extras","8":"first","9":"instock","10":"taxable","11":"shipping-taxable","12":"purchasable","13":"product-type-variable","14":"has-default-attributes"},"yoast_head":"<!-- This site is optimized with the Yoast SEO plugin v27.4 - https:\/\/yoast.com\/product\/yoast-seo-wordpress\/ -->\n<title>Guardar maletas en Gandia Coworking<\/title>\n<meta name=\"description\" content=\"Guardar maletas en Gandia ahora es posible gracias a Gandia Coworking. Deja tus maletas en nuestro centro sin preocupaciones\" \/>\n<meta name=\"robots\" content=\"index, follow, max-snippet:-1, max-image-preview:large, max-video-preview:-1\" \/>\n<link rel=\"canonical\" href=\"http:\/\/gandiacoworking.com\/en\/product\/guardar-maletas\" \/>\n<meta property=\"og:locale\" content=\"en_GB\" \/>\n<meta property=\"og:type\" content=\"article\" \/>\n<meta property=\"og:title\" content=\"Guardar maletas en Gandia Coworking\" \/>\n<meta property=\"og:description\" content=\"Guardar maletas en Gandia ahora es posible gracias a Gandia Coworking. Deja tus maletas en nuestro centro sin preocupaciones\" \/>\n<meta property=\"og:url\" content=\"http:\/\/gandiacoworking.com\/en\/product\/guardar-maletas\" \/>\n<meta property=\"og:site_name\" content=\"Gandia Coworking\" \/>\n<meta property=\"article:publisher\" content=\"https:\/\/www.facebook.com\/gandiacoworking\" \/>\n<meta property=\"article:modified_time\" content=\"2026-03-30T17:35:22+00:00\" \/>\n<meta property=\"og:image\" content=\"http:\/\/gandiacoworking.com\/wp-content\/uploads\/2022\/08\/guardar-maletas-gandia.jpeg\" \/>\n\t<meta property=\"og:image:width\" content=\"640\" \/>\n\t<meta property=\"og:image:height\" content=\"427\" \/>\n\t<meta property=\"og:image:type\" content=\"image\/jpeg\" \/>\n<meta name=\"twitter:card\" content=\"summary_large_image\" \/>\n<meta name=\"twitter:site\" content=\"@gandiacoworking\" \/>\n<meta name=\"twitter:label1\" content=\"Estimated reading time\" \/>\n\t<meta name=\"twitter:data1\" content=\"1 minute\" \/>\n<script type=\"application\/ld+json\" class=\"yoast-schema-graph\">{\"@context\":\"https:\\\/\\\/schema.org\",\"@graph\":[{\"@type\":\"WebPage\",\"@id\":\"http:\\\/\\\/gandiacoworking.com\\\/en\\\/product\\\/guardar-maletas\",\"url\":\"http:\\\/\\\/gandiacoworking.com\\\/en\\\/product\\\/guardar-maletas\",\"name\":\"Guardar maletas en Gandia Coworking\",\"isPartOf\":{\"@id\":\"http:\\\/\\\/gandiacoworking.com\\\/#website\"},\"primaryImageOfPage\":{\"@id\":\"http:\\\/\\\/gandiacoworking.com\\\/en\\\/product\\\/guardar-maletas#primaryimage\"},\"image\":{\"@id\":\"http:\\\/\\\/gandiacoworking.com\\\/en\\\/product\\\/guardar-maletas#primaryimage\"},\"thumbnailUrl\":\"https:\\\/\\\/gandiacoworking.com\\\/wp-content\\\/uploads\\\/2022\\\/08\\\/guardar-maletas-gandia.jpeg\",\"datePublished\":\"2022-08-29T15:28:20+00:00\",\"dateModified\":\"2026-03-30T17:35:22+00:00\",\"description\":\"Guardar maletas en Gandia ahora es posible gracias a Gandia Coworking. Deja tus maletas en nuestro centro sin preocupaciones\",\"breadcrumb\":{\"@id\":\"http:\\\/\\\/gandiacoworking.com\\\/en\\\/product\\\/guardar-maletas#breadcrumb\"},\"inLanguage\":\"en-GB\",\"potentialAction\":[{\"@type\":\"ReadAction\",\"target\":[\"http:\\\/\\\/gandiacoworking.com\\\/en\\\/product\\\/guardar-maletas\"]}]},{\"@type\":\"ImageObject\",\"inLanguage\":\"en-GB\",\"@id\":\"http:\\\/\\\/gandiacoworking.com\\\/en\\\/product\\\/guardar-maletas#primaryimage\",\"url\":\"https:\\\/\\\/gandiacoworking.com\\\/wp-content\\\/uploads\\\/2022\\\/08\\\/guardar-maletas-gandia.jpeg\",\"contentUrl\":\"https:\\\/\\\/gandiacoworking.com\\\/wp-content\\\/uploads\\\/2022\\\/08\\\/guardar-maletas-gandia.jpeg\",\"width\":640,\"height\":427},{\"@type\":\"BreadcrumbList\",\"@id\":\"http:\\\/\\\/gandiacoworking.com\\\/en\\\/product\\\/guardar-maletas#breadcrumb\",\"itemListElement\":[{\"@type\":\"ListItem\",\"position\":1,\"name\":\"Portada\",\"item\":\"http:\\\/\\\/gandiacoworking.com\\\/\"},{\"@type\":\"ListItem\",\"position\":2,\"name\":\"Reservas\",\"item\":\"https:\\\/\\\/gandiacoworking.com\\\/en\\\/shop\"},{\"@type\":\"ListItem\",\"position\":3,\"name\":\"Guardar maletas\"}]},{\"@type\":\"WebSite\",\"@id\":\"http:\\\/\\\/gandiacoworking.com\\\/#website\",\"url\":\"http:\\\/\\\/gandiacoworking.com\\\/\",\"name\":\"Gandia Coworking\",\"description\":\"Alquiler Oficinas y Sala de reuniones\",\"publisher\":{\"@id\":\"http:\\\/\\\/gandiacoworking.com\\\/#organization\"},\"potentialAction\":[{\"@type\":\"SearchAction\",\"target\":{\"@type\":\"EntryPoint\",\"urlTemplate\":\"http:\\\/\\\/gandiacoworking.com\\\/?s={search_term_string}\"},\"query-input\":{\"@type\":\"PropertyValueSpecification\",\"valueRequired\":true,\"valueName\":\"search_term_string\"}}],\"inLanguage\":\"en-GB\"},{\"@type\":\"Organization\",\"@id\":\"http:\\\/\\\/gandiacoworking.com\\\/#organization\",\"name\":\"Gandia Coworking\",\"url\":\"http:\\\/\\\/gandiacoworking.com\\\/\",\"logo\":{\"@type\":\"ImageObject\",\"inLanguage\":\"en-GB\",\"@id\":\"http:\\\/\\\/gandiacoworking.com\\\/#\\\/schema\\\/logo\\\/image\\\/\",\"url\":\"https:\\\/\\\/gandiacoworking.com\\\/wp-content\\\/uploads\\\/2017\\\/10\\\/isotipo-base-1.png\",\"contentUrl\":\"https:\\\/\\\/gandiacoworking.com\\\/wp-content\\\/uploads\\\/2017\\\/10\\\/isotipo-base-1.png\",\"width\":296,\"height\":296,\"caption\":\"Gandia Coworking\"},\"image\":{\"@id\":\"http:\\\/\\\/gandiacoworking.com\\\/#\\\/schema\\\/logo\\\/image\\\/\"},\"sameAs\":[\"https:\\\/\\\/www.facebook.com\\\/gandiacoworking\",\"https:\\\/\\\/x.com\\\/gandiacoworking\",\"https:\\\/\\\/www.instagram.com\\\/gandiacoworking\",\"https:\\\/\\\/es.linkedin.com\\\/company\\\/gandiacoworking\"]}]}<\/script>\n<!-- \/ Yoast SEO plugin. -->","yoast_head_json":{"title":"Guardar maletas en Gandia Coworking","description":"Guardar maletas en Gandia ahora es posible gracias a Gandia Coworking. Deja tus maletas en nuestro centro sin preocupaciones","robots":{"index":"index","follow":"follow","max-snippet":"max-snippet:-1","max-image-preview":"max-image-preview:large","max-video-preview":"max-video-preview:-1"},"canonical":"http:\/\/gandiacoworking.com\/en\/product\/guardar-maletas","og_locale":"en_GB","og_type":"article","og_title":"Guardar maletas en Gandia Coworking","og_description":"Guardar maletas en Gandia ahora es posible gracias a Gandia Coworking. Deja tus maletas en nuestro centro sin preocupaciones","og_url":"http:\/\/gandiacoworking.com\/en\/product\/guardar-maletas","og_site_name":"Gandia Coworking","article_publisher":"https:\/\/www.facebook.com\/gandiacoworking","article_modified_time":"2026-03-30T17:35:22+00:00","og_image":[{"width":640,"height":427,"url":"http:\/\/gandiacoworking.com\/wp-content\/uploads\/2022\/08\/guardar-maletas-gandia.jpeg","type":"image\/jpeg"}],"twitter_card":"summary_large_image","twitter_site":"@gandiacoworking","twitter_misc":{"Estimated reading time":"1 minute"},"schema":{"@context":"https:\/\/schema.org","@graph":[{"@type":"WebPage","@id":"http:\/\/gandiacoworking.com\/en\/product\/guardar-maletas","url":"http:\/\/gandiacoworking.com\/en\/product\/guardar-maletas","name":"Guardar maletas en Gandia Coworking","isPartOf":{"@id":"http:\/\/gandiacoworking.com\/#website"},"primaryImageOfPage":{"@id":"http:\/\/gandiacoworking.com\/en\/product\/guardar-maletas#primaryimage"},"image":{"@id":"http:\/\/gandiacoworking.com\/en\/product\/guardar-maletas#primaryimage"},"thumbnailUrl":"https:\/\/gandiacoworking.com\/wp-content\/uploads\/2022\/08\/guardar-maletas-gandia.jpeg","datePublished":"2022-08-29T15:28:20+00:00","dateModified":"2026-03-30T17:35:22+00:00","description":"Guardar maletas en Gandia ahora es posible gracias a Gandia Coworking. Deja tus maletas en nuestro centro sin preocupaciones","breadcrumb":{"@id":"http:\/\/gandiacoworking.com\/en\/product\/guardar-maletas#breadcrumb"},"inLanguage":"en-GB","potentialAction":[{"@type":"ReadAction","target":["http:\/\/gandiacoworking.com\/en\/product\/guardar-maletas"]}]},{"@type":"ImageObject","inLanguage":"en-GB","@id":"http:\/\/gandiacoworking.com\/en\/product\/guardar-maletas#primaryimage","url":"https:\/\/gandiacoworking.com\/wp-content\/uploads\/2022\/08\/guardar-maletas-gandia.jpeg","contentUrl":"https:\/\/gandiacoworking.com\/wp-content\/uploads\/2022\/08\/guardar-maletas-gandia.jpeg","width":640,"height":427},{"@type":"BreadcrumbList","@id":"http:\/\/gandiacoworking.com\/en\/product\/guardar-maletas#breadcrumb","itemListElement":[{"@type":"ListItem","position":1,"name":"Portada","item":"http:\/\/gandiacoworking.com\/"},{"@type":"ListItem","position":2,"name":"Reservas","item":"https:\/\/gandiacoworking.com\/en\/shop"},{"@type":"ListItem","position":3,"name":"Guardar maletas"}]},{"@type":"WebSite","@id":"http:\/\/gandiacoworking.com\/#website","url":"http:\/\/gandiacoworking.com\/","name":"Gandia Coworking","description":"Alquiler Oficinas y Sala de reuniones","publisher":{"@id":"http:\/\/gandiacoworking.com\/#organization"},"potentialAction":[{"@type":"SearchAction","target":{"@type":"EntryPoint","urlTemplate":"http:\/\/gandiacoworking.com\/?s={search_term_string}"},"query-input":{"@type":"PropertyValueSpecification","valueRequired":true,"valueName":"search_term_string"}}],"inLanguage":"en-GB"},{"@type":"Organization","@id":"http:\/\/gandiacoworking.com\/#organization","name":"Gandia Coworking","url":"http:\/\/gandiacoworking.com\/","logo":{"@type":"ImageObject","inLanguage":"en-GB","@id":"http:\/\/gandiacoworking.com\/#\/schema\/logo\/image\/","url":"https:\/\/gandiacoworking.com\/wp-content\/uploads\/2017\/10\/isotipo-base-1.png","contentUrl":"https:\/\/gandiacoworking.com\/wp-content\/uploads\/2017\/10\/isotipo-base-1.png","width":296,"height":296,"caption":"Gandia Coworking"},"image":{"@id":"http:\/\/gandiacoworking.com\/#\/schema\/logo\/image\/"},"sameAs":["https:\/\/www.facebook.com\/gandiacoworking","https:\/\/x.com\/gandiacoworking","https:\/\/www.instagram.com\/gandiacoworking","https:\/\/es.linkedin.com\/company\/gandiacoworking"]}]}},"_links":{"self":[{"href":"https:\/\/gandiacoworking.com\/en\/wp-json\/wp\/v2\/product\/29845","targetHints":{"allow":["GET"]}}],"collection":[{"href":"https:\/\/gandiacoworking.com\/en\/wp-json\/wp\/v2\/product"}],"about":[{"href":"https:\/\/gandiacoworking.com\/en\/wp-json\/wp\/v2\/types\/product"}],"wp:featuredmedia":[{"embeddable":true,"href":"https:\/\/gandiacoworking.com\/en\/wp-json\/wp\/v2\/media\/29846"}],"wp:attachment":[{"href":"https:\/\/gandiacoworking.com\/en\/wp-json\/wp\/v2\/media?parent=29845"}],"wp:term":[{"taxonomy":"product_brand","embeddable":true,"href":"https:\/\/gandiacoworking.com\/en\/wp-json\/wp\/v2\/product_brand?post=29845"},{"taxonomy":"product_cat","embeddable":true,"href":"https:\/\/gandiacoworking.com\/en\/wp-json\/wp\/v2\/product_cat?post=29845"},{"taxonomy":"product_tag","embeddable":true,"href":"https:\/\/gandiacoworking.com\/en\/wp-json\/wp\/v2\/product_tag?post=29845"}],"curies":[{"name":"wp","href":"https:\/\/api.w.org\/{rel}","templated":true}]}}