{"id":30726,"date":"2026-04-07T19:28:38","date_gmt":"2026-04-07T17:28:38","guid":{"rendered":"https:\/\/gandiacoworking.com\/?post_type=product&#038;p=30726"},"modified":"2026-04-07T19:45:37","modified_gmt":"2026-04-07T17:45:37","slug":"sala-de-reuniones-fin-de-semana","status":"publish","type":"product","link":"https:\/\/gandiacoworking.com\/en\/product\/sala-de-reuniones-fin-de-semana","title":{"rendered":"Sala de reuniones Fin de semana"},"content":{"rendered":"<h2 style=\"text-align: center;\"><strong>Rent a Meeting Room <\/strong><strong>para Fin de Semana <\/strong><strong>en Gandia\u00a0<\/strong><\/h2>\n<p>El <strong>alquiler de Sala de reuniones en Gandia Coworking se realiza por horas<\/strong>. Paga solo por lo que necesites.<\/p>\n<p>La sala est\u00e1 equipada con pantalla para presentaciones y cable HDMI. Adem\u00e1s, incluimos material de oficina y conexi\u00f3n a internet de alta velocidad.<\/p>\n<p>Se debe a\u00f1adir al carro de compra tantas unidades como horas se quiera reservar la sala. <strong>Necesario reservar<\/strong> <strong>2 horas m\u00ednimo.<\/strong><\/p>\n<p>Precio con <strong>IVA incluido.<\/strong><\/p>","protected":false},"excerpt":{"rendered":"<p>Sala de reuniones equipada FINES DE SEMANA con pantalla para presentaciones.<\/p>\n<p>Se debe a\u00f1adir al carro de compra tantas unidades como horas se quiera reservar la sala.<br \/>\nLa <strong>fecha de uso<\/strong> de la sala se debe seleccionar en el proceso de finalizaci\u00f3n de compra.<\/p>","protected":false},"featured_media":27958,"template":"","meta":{"_et_pb_use_builder":"","_et_pb_old_content":"","_et_gb_content_width":"","inline_featured_image":false},"product_brand":[],"product_cat":[33,35],"product_tag":[],"class_list":{"0":"post-30726","1":"product","2":"type-product","3":"status-publish","4":"has-post-thumbnail","6":"product_cat-puestos-de-trabajo","7":"product_cat-salas","9":"first","10":"instock","11":"taxable","12":"shipping-taxable","13":"purchasable","14":"product-type-variable"},"yoast_head":"<!-- This site is optimized with the Yoast SEO plugin v27.4 - https:\/\/yoast.com\/product\/yoast-seo-wordpress\/ -->\n<title>Alquilar Sala de reuniones Fin de semana en Gandia<\/title>\n<meta name=\"description\" content=\"Alquilar una sala de reuniones fin de semana en Gandia. Sala de reuniones con pantalla en Gandia alquiler por horas.\" \/>\n<meta name=\"robots\" content=\"index, follow, max-snippet:-1, max-image-preview:large, max-video-preview:-1\" \/>\n<link rel=\"canonical\" href=\"https:\/\/gandiacoworking.com\/en\/product\/sala-de-reuniones-fin-de-semana\/\" \/>\n<meta property=\"og:locale\" content=\"en_GB\" \/>\n<meta property=\"og:type\" content=\"article\" \/>\n<meta property=\"og:title\" content=\"Alquilar Sala de reuniones Fin de semana en Gandia\" \/>\n<meta property=\"og:description\" content=\"Alquilar una sala de reuniones fin de semana en Gandia. Sala de reuniones con pantalla en Gandia alquiler por horas.\" \/>\n<meta property=\"og:url\" content=\"https:\/\/gandiacoworking.com\/en\/product\/sala-de-reuniones-fin-de-semana\/\" \/>\n<meta property=\"og:site_name\" content=\"Gandia Coworking\" \/>\n<meta property=\"article:publisher\" content=\"https:\/\/www.facebook.com\/gandiacoworking\" \/>\n<meta property=\"article:modified_time\" content=\"2026-04-07T17:45:37+00:00\" \/>\n<meta property=\"og:image\" content=\"https:\/\/gandiacoworking.com\/wp-content\/uploads\/2017\/11\/SALA-DE-REUNIONES-3-1-scaled.jpg\" \/>\n\t<meta property=\"og:image:width\" content=\"2560\" \/>\n\t<meta property=\"og:image:height\" content=\"1632\" \/>\n\t<meta property=\"og:image:type\" content=\"image\/jpeg\" \/>\n<meta name=\"twitter:card\" content=\"summary_large_image\" \/>\n<meta name=\"twitter:site\" content=\"@gandiacoworking\" \/>\n<meta name=\"twitter:label1\" content=\"Estimated reading time\" \/>\n\t<meta name=\"twitter:data1\" content=\"1 minute\" \/>\n<script type=\"application\/ld+json\" class=\"yoast-schema-graph\">{\"@context\":\"https:\\\/\\\/schema.org\",\"@graph\":[{\"@type\":\"WebPage\",\"@id\":\"https:\\\/\\\/gandiacoworking.com\\\/producto\\\/sala-de-reuniones-fin-de-semana\",\"url\":\"https:\\\/\\\/gandiacoworking.com\\\/producto\\\/sala-de-reuniones-fin-de-semana\",\"name\":\"Alquilar Sala de reuniones Fin de semana en Gandia\",\"isPartOf\":{\"@id\":\"http:\\\/\\\/gandiacoworking.com\\\/#website\"},\"primaryImageOfPage\":{\"@id\":\"https:\\\/\\\/gandiacoworking.com\\\/producto\\\/sala-de-reuniones-fin-de-semana#primaryimage\"},\"image\":{\"@id\":\"https:\\\/\\\/gandiacoworking.com\\\/producto\\\/sala-de-reuniones-fin-de-semana#primaryimage\"},\"thumbnailUrl\":\"https:\\\/\\\/gandiacoworking.com\\\/wp-content\\\/uploads\\\/2017\\\/11\\\/SALA-DE-REUNIONES-3-1-scaled.jpg\",\"datePublished\":\"2026-04-07T17:28:38+00:00\",\"dateModified\":\"2026-04-07T17:45:37+00:00\",\"description\":\"Alquilar una sala de reuniones fin de semana en Gandia. Sala de reuniones con pantalla en Gandia alquiler por horas.\",\"breadcrumb\":{\"@id\":\"https:\\\/\\\/gandiacoworking.com\\\/producto\\\/sala-de-reuniones-fin-de-semana#breadcrumb\"},\"inLanguage\":\"en-GB\",\"potentialAction\":[{\"@type\":\"ReadAction\",\"target\":[\"https:\\\/\\\/gandiacoworking.com\\\/producto\\\/sala-de-reuniones-fin-de-semana\"]}]},{\"@type\":\"ImageObject\",\"inLanguage\":\"en-GB\",\"@id\":\"https:\\\/\\\/gandiacoworking.com\\\/producto\\\/sala-de-reuniones-fin-de-semana#primaryimage\",\"url\":\"https:\\\/\\\/gandiacoworking.com\\\/wp-content\\\/uploads\\\/2017\\\/11\\\/SALA-DE-REUNIONES-3-1-scaled.jpg\",\"contentUrl\":\"https:\\\/\\\/gandiacoworking.com\\\/wp-content\\\/uploads\\\/2017\\\/11\\\/SALA-DE-REUNIONES-3-1-scaled.jpg\",\"width\":2560,\"height\":1632},{\"@type\":\"BreadcrumbList\",\"@id\":\"https:\\\/\\\/gandiacoworking.com\\\/producto\\\/sala-de-reuniones-fin-de-semana#breadcrumb\",\"itemListElement\":[{\"@type\":\"ListItem\",\"position\":1,\"name\":\"Portada\",\"item\":\"http:\\\/\\\/gandiacoworking.com\\\/\"},{\"@type\":\"ListItem\",\"position\":2,\"name\":\"Reservas\",\"item\":\"https:\\\/\\\/gandiacoworking.com\\\/en\\\/shop\"},{\"@type\":\"ListItem\",\"position\":3,\"name\":\"Sala de reuniones Fin de semana\"}]},{\"@type\":\"WebSite\",\"@id\":\"http:\\\/\\\/gandiacoworking.com\\\/#website\",\"url\":\"http:\\\/\\\/gandiacoworking.com\\\/\",\"name\":\"Gandia Coworking\",\"description\":\"Alquiler Oficinas y Sala de reuniones\",\"publisher\":{\"@id\":\"http:\\\/\\\/gandiacoworking.com\\\/#organization\"},\"potentialAction\":[{\"@type\":\"SearchAction\",\"target\":{\"@type\":\"EntryPoint\",\"urlTemplate\":\"http:\\\/\\\/gandiacoworking.com\\\/?s={search_term_string}\"},\"query-input\":{\"@type\":\"PropertyValueSpecification\",\"valueRequired\":true,\"valueName\":\"search_term_string\"}}],\"inLanguage\":\"en-GB\"},{\"@type\":\"Organization\",\"@id\":\"http:\\\/\\\/gandiacoworking.com\\\/#organization\",\"name\":\"Gandia Coworking\",\"url\":\"http:\\\/\\\/gandiacoworking.com\\\/\",\"logo\":{\"@type\":\"ImageObject\",\"inLanguage\":\"en-GB\",\"@id\":\"http:\\\/\\\/gandiacoworking.com\\\/#\\\/schema\\\/logo\\\/image\\\/\",\"url\":\"https:\\\/\\\/gandiacoworking.com\\\/wp-content\\\/uploads\\\/2017\\\/10\\\/isotipo-base-1.png\",\"contentUrl\":\"https:\\\/\\\/gandiacoworking.com\\\/wp-content\\\/uploads\\\/2017\\\/10\\\/isotipo-base-1.png\",\"width\":296,\"height\":296,\"caption\":\"Gandia Coworking\"},\"image\":{\"@id\":\"http:\\\/\\\/gandiacoworking.com\\\/#\\\/schema\\\/logo\\\/image\\\/\"},\"sameAs\":[\"https:\\\/\\\/www.facebook.com\\\/gandiacoworking\",\"https:\\\/\\\/x.com\\\/gandiacoworking\",\"https:\\\/\\\/www.instagram.com\\\/gandiacoworking\",\"https:\\\/\\\/es.linkedin.com\\\/company\\\/gandiacoworking\"]}]}<\/script>\n<!-- \/ Yoast SEO plugin. -->","yoast_head_json":{"title":"Alquilar Sala de reuniones Fin de semana en Gandia","description":"Alquilar una sala de reuniones fin de semana en Gandia. Sala de reuniones con pantalla en Gandia alquiler por horas.","robots":{"index":"index","follow":"follow","max-snippet":"max-snippet:-1","max-image-preview":"max-image-preview:large","max-video-preview":"max-video-preview:-1"},"canonical":"https:\/\/gandiacoworking.com\/en\/product\/sala-de-reuniones-fin-de-semana\/","og_locale":"en_GB","og_type":"article","og_title":"Alquilar Sala de reuniones Fin de semana en Gandia","og_description":"Alquilar una sala de reuniones fin de semana en Gandia. Sala de reuniones con pantalla en Gandia alquiler por horas.","og_url":"https:\/\/gandiacoworking.com\/en\/product\/sala-de-reuniones-fin-de-semana\/","og_site_name":"Gandia Coworking","article_publisher":"https:\/\/www.facebook.com\/gandiacoworking","article_modified_time":"2026-04-07T17:45:37+00:00","og_image":[{"width":2560,"height":1632,"url":"https:\/\/gandiacoworking.com\/wp-content\/uploads\/2017\/11\/SALA-DE-REUNIONES-3-1-scaled.jpg","type":"image\/jpeg"}],"twitter_card":"summary_large_image","twitter_site":"@gandiacoworking","twitter_misc":{"Estimated reading time":"1 minute"},"schema":{"@context":"https:\/\/schema.org","@graph":[{"@type":"WebPage","@id":"https:\/\/gandiacoworking.com\/producto\/sala-de-reuniones-fin-de-semana","url":"https:\/\/gandiacoworking.com\/producto\/sala-de-reuniones-fin-de-semana","name":"Alquilar Sala de reuniones Fin de semana en Gandia","isPartOf":{"@id":"http:\/\/gandiacoworking.com\/#website"},"primaryImageOfPage":{"@id":"https:\/\/gandiacoworking.com\/producto\/sala-de-reuniones-fin-de-semana#primaryimage"},"image":{"@id":"https:\/\/gandiacoworking.com\/producto\/sala-de-reuniones-fin-de-semana#primaryimage"},"thumbnailUrl":"https:\/\/gandiacoworking.com\/wp-content\/uploads\/2017\/11\/SALA-DE-REUNIONES-3-1-scaled.jpg","datePublished":"2026-04-07T17:28:38+00:00","dateModified":"2026-04-07T17:45:37+00:00","description":"Alquilar una sala de reuniones fin de semana en Gandia. Sala de reuniones con pantalla en Gandia alquiler por horas.","breadcrumb":{"@id":"https:\/\/gandiacoworking.com\/producto\/sala-de-reuniones-fin-de-semana#breadcrumb"},"inLanguage":"en-GB","potentialAction":[{"@type":"ReadAction","target":["https:\/\/gandiacoworking.com\/producto\/sala-de-reuniones-fin-de-semana"]}]},{"@type":"ImageObject","inLanguage":"en-GB","@id":"https:\/\/gandiacoworking.com\/producto\/sala-de-reuniones-fin-de-semana#primaryimage","url":"https:\/\/gandiacoworking.com\/wp-content\/uploads\/2017\/11\/SALA-DE-REUNIONES-3-1-scaled.jpg","contentUrl":"https:\/\/gandiacoworking.com\/wp-content\/uploads\/2017\/11\/SALA-DE-REUNIONES-3-1-scaled.jpg","width":2560,"height":1632},{"@type":"BreadcrumbList","@id":"https:\/\/gandiacoworking.com\/producto\/sala-de-reuniones-fin-de-semana#breadcrumb","itemListElement":[{"@type":"ListItem","position":1,"name":"Portada","item":"http:\/\/gandiacoworking.com\/"},{"@type":"ListItem","position":2,"name":"Reservas","item":"https:\/\/gandiacoworking.com\/en\/shop"},{"@type":"ListItem","position":3,"name":"Sala de reuniones Fin de semana"}]},{"@type":"WebSite","@id":"http:\/\/gandiacoworking.com\/#website","url":"http:\/\/gandiacoworking.com\/","name":"Gandia Coworking","description":"Alquiler Oficinas y Sala de reuniones","publisher":{"@id":"http:\/\/gandiacoworking.com\/#organization"},"potentialAction":[{"@type":"SearchAction","target":{"@type":"EntryPoint","urlTemplate":"http:\/\/gandiacoworking.com\/?s={search_term_string}"},"query-input":{"@type":"PropertyValueSpecification","valueRequired":true,"valueName":"search_term_string"}}],"inLanguage":"en-GB"},{"@type":"Organization","@id":"http:\/\/gandiacoworking.com\/#organization","name":"Gandia Coworking","url":"http:\/\/gandiacoworking.com\/","logo":{"@type":"ImageObject","inLanguage":"en-GB","@id":"http:\/\/gandiacoworking.com\/#\/schema\/logo\/image\/","url":"https:\/\/gandiacoworking.com\/wp-content\/uploads\/2017\/10\/isotipo-base-1.png","contentUrl":"https:\/\/gandiacoworking.com\/wp-content\/uploads\/2017\/10\/isotipo-base-1.png","width":296,"height":296,"caption":"Gandia Coworking"},"image":{"@id":"http:\/\/gandiacoworking.com\/#\/schema\/logo\/image\/"},"sameAs":["https:\/\/www.facebook.com\/gandiacoworking","https:\/\/x.com\/gandiacoworking","https:\/\/www.instagram.com\/gandiacoworking","https:\/\/es.linkedin.com\/company\/gandiacoworking"]}]}},"_links":{"self":[{"href":"https:\/\/gandiacoworking.com\/en\/wp-json\/wp\/v2\/product\/30726","targetHints":{"allow":["GET"]}}],"collection":[{"href":"https:\/\/gandiacoworking.com\/en\/wp-json\/wp\/v2\/product"}],"about":[{"href":"https:\/\/gandiacoworking.com\/en\/wp-json\/wp\/v2\/types\/product"}],"wp:featuredmedia":[{"embeddable":true,"href":"https:\/\/gandiacoworking.com\/en\/wp-json\/wp\/v2\/media\/27958"}],"wp:attachment":[{"href":"https:\/\/gandiacoworking.com\/en\/wp-json\/wp\/v2\/media?parent=30726"}],"wp:term":[{"taxonomy":"product_brand","embeddable":true,"href":"https:\/\/gandiacoworking.com\/en\/wp-json\/wp\/v2\/product_brand?post=30726"},{"taxonomy":"product_cat","embeddable":true,"href":"https:\/\/gandiacoworking.com\/en\/wp-json\/wp\/v2\/product_cat?post=30726"},{"taxonomy":"product_tag","embeddable":true,"href":"https:\/\/gandiacoworking.com\/en\/wp-json\/wp\/v2\/product_tag?post=30726"}],"curies":[{"name":"wp","href":"https:\/\/api.w.org\/{rel}","templated":true}]}}